{"id":48,"date":"2015-02-27T22:02:06","date_gmt":"2015-02-27T22:02:06","guid":{"rendered":"https:\/\/www.amsra.fr\/blog\/?page_id=48"},"modified":"2019-12-05T10:08:38","modified_gmt":"2019-12-05T09:08:38","slug":"nous-contacter","status":"publish","type":"page","link":"https:\/\/www.amsra.fr\/blog\/nous-contacter","title":{"rendered":"NOUS CONTACTER"},"content":{"rendered":"<p><span style=\"font-size: 12pt;\"><strong>Vous \u00eates int\u00e9ress\u00e9s par les probl\u00e8mes de S\u00e9curit\u00e9 Routi\u00e8re, vous avez envie de participer en tant que b\u00e9n\u00e9vole \u00e0 des actions de pr\u00e9vention, alors n'h\u00e9sitez plus, venez nous rejoindre !<\/strong><\/span><\/p>\n<p><span style=\"font-size: 12pt;\"><strong>Vous souhaitez nous poser des questions, vous souhaitez des informations, contactez nous !<\/strong><\/span><\/p>\n<p><span style=\"font-size: 12pt;\"><strong>Pour nous contacter remplissez le formulaire ci-dessous et envoyez-le.<\/strong><\/span><\/p>\n\n<div class=\"wpcf7 no-js\" id=\"wpcf7-f47-o1\" lang=\"fr-FR\" dir=\"ltr\" data-wpcf7-id=\"47\">\n<div class=\"screen-reader-response\"><p role=\"status\" aria-live=\"polite\" aria-atomic=\"true\"><\/p> <ul><\/ul><\/div>\n<form action=\"\/blog\/wp-json\/wp\/v2\/pages\/48#wpcf7-f47-o1\" method=\"post\" class=\"wpcf7-form init\" aria-label=\"Formulaire de contact\" enctype=\"multipart\/form-data\" novalidate=\"novalidate\" data-status=\"init\">\n<fieldset class=\"hidden-fields-container\"><input type=\"hidden\" name=\"_wpcf7\" value=\"47\" \/><input type=\"hidden\" name=\"_wpcf7_version\" value=\"6.1.5\" \/><input type=\"hidden\" name=\"_wpcf7_locale\" value=\"fr_FR\" \/><input type=\"hidden\" name=\"_wpcf7_unit_tag\" value=\"wpcf7-f47-o1\" \/><input type=\"hidden\" name=\"_wpcf7_container_post\" value=\"0\" \/><input type=\"hidden\" name=\"_wpcf7_posted_data_hash\" value=\"\" \/>\n<\/fieldset>\n<p>Votre nom (obligatoire)\n<\/p>\n<p><span class=\"wpcf7-form-control-wrap\" data-name=\"your-name\"><input size=\"40\" maxlength=\"400\" class=\"wpcf7-form-control wpcf7-text wpcf7-validates-as-required\" aria-required=\"true\" aria-invalid=\"false\" value=\"\" type=\"text\" name=\"your-name\" \/><\/span>\n<\/p>\n<p>Votre email (obligatoire)\n<\/p>\n<p><span class=\"wpcf7-form-control-wrap\" data-name=\"your-email\"><input size=\"40\" maxlength=\"400\" class=\"wpcf7-form-control wpcf7-email wpcf7-validates-as-required wpcf7-text wpcf7-validates-as-email\" aria-required=\"true\" aria-invalid=\"false\" value=\"\" type=\"email\" name=\"your-email\" \/><\/span>\n<\/p>\n<p>Joindre un fichier : <span class=\"wpcf7-form-control-wrap\" data-name=\"file-141\"><input size=\"40\" class=\"wpcf7-form-control wpcf7-file\" accept=\".pdf,.txt,.doc,.docx\" aria-invalid=\"false\" type=\"file\" name=\"file-141\" \/><\/span>\n<\/p>\n<p>Sujet\n<\/p>\n<p><span class=\"wpcf7-form-control-wrap\" data-name=\"your-subject\"><input size=\"40\" maxlength=\"400\" class=\"wpcf7-form-control wpcf7-text\" aria-invalid=\"false\" value=\"\" type=\"text\" name=\"your-subject\" \/><\/span>\n<\/p>\n<p>Votre message\n<\/p>\n<p><span class=\"wpcf7-form-control-wrap\" data-name=\"your-message\"><textarea cols=\"40\" rows=\"10\" maxlength=\"2000\" class=\"wpcf7-form-control wpcf7-textarea\" aria-invalid=\"false\" name=\"your-message\"><\/textarea><\/span>\n<\/p>\n<p>Recopiez ceci <input type=\"hidden\" name=\"_wpcf7_captcha_challenge_captcha-261\" value=\"1858002992\" \/><img loading=\"lazy\" decoding=\"async\" class=\"wpcf7-form-control wpcf7-captchac wpcf7-captcha-captcha-261 colorbox-48\" width=\"72\" height=\"24\" alt=\"captcha\" src=\"https:\/\/www.amsra.fr\/blog\/wp-content\/uploads\/wpcf7_captcha\/1858002992.png\" \/> ici <span class=\"wpcf7-form-control-wrap\" data-name=\"captcha-261\"><input size=\"40\" class=\"wpcf7-form-control wpcf7-captchar\" autocomplete=\"off\" aria-invalid=\"false\" value=\"\" type=\"text\" name=\"captcha-261\" \/><\/span>\n<\/p>\n<p><input class=\"wpcf7-form-control wpcf7-submit has-spinner\" type=\"submit\" value=\"Envoyer\" \/>\n<\/p><p style=\"display: none !important;\" class=\"akismet-fields-container\" data-prefix=\"_wpcf7_ak_\"><label>&#916;<textarea name=\"_wpcf7_ak_hp_textarea\" cols=\"45\" rows=\"8\" maxlength=\"100\"><\/textarea><\/label><input type=\"hidden\" id=\"ak_js_1\" name=\"_wpcf7_ak_js\" value=\"23\"\/><script>document.getElementById( \"ak_js_1\" ).setAttribute( \"value\", ( new Date() ).getTime() );<\/script><\/p><div class=\"wpcf7-response-output\" aria-hidden=\"true\"><\/div>\n<\/form>\n<\/div>\n\n<p>&nbsp;<\/p>\n<p>Notre adresse :<\/p>\n<p><strong>AMSRA<\/strong><\/p>\n<p><strong>1 Chemin de Coulon -\u00a033360 LATRESNE<\/strong><\/p>\n<p><strong>05 35 38 70 22 -\u00a006 51 04 11 67<\/strong><\/p>\n<p><strong>courriel : action.amsra@gmail.com -<\/strong><\/p>\n<p><strong>site internet : www.amsra.fr<\/strong><\/p>\n","protected":false},"excerpt":{"rendered":"<p>Vous \u00eates int\u00e9ress\u00e9s par les probl\u00e8mes de S\u00e9curit\u00e9 Routi\u00e8re, vous avez envie de participer en tant que b\u00e9n\u00e9vole \u00e0 des actions de pr\u00e9vention, alors n&rsquo;h\u00e9sitez plus, venez nous rejoindre ! Vous souhaitez nous poser des questions, vous souhaitez des informations, contactez nous ! Pour nous contacter remplissez le formulaire ci-dessous et envoyez-le. &nbsp; Notre adresse [&hellip;]<\/p>\n","protected":false},"author":1,"featured_media":0,"parent":0,"menu_order":0,"comment_status":"closed","ping_status":"closed","template":"","meta":{"footnotes":""},"class_list":["post-48","page","type-page","status-publish","hentry"],"_links":{"self":[{"href":"https:\/\/www.amsra.fr\/blog\/wp-json\/wp\/v2\/pages\/48","targetHints":{"allow":["GET"]}}],"collection":[{"href":"https:\/\/www.amsra.fr\/blog\/wp-json\/wp\/v2\/pages"}],"about":[{"href":"https:\/\/www.amsra.fr\/blog\/wp-json\/wp\/v2\/types\/page"}],"author":[{"embeddable":true,"href":"https:\/\/www.amsra.fr\/blog\/wp-json\/wp\/v2\/users\/1"}],"replies":[{"embeddable":true,"href":"https:\/\/www.amsra.fr\/blog\/wp-json\/wp\/v2\/comments?post=48"}],"version-history":[{"count":10,"href":"https:\/\/www.amsra.fr\/blog\/wp-json\/wp\/v2\/pages\/48\/revisions"}],"predecessor-version":[{"id":5555,"href":"https:\/\/www.amsra.fr\/blog\/wp-json\/wp\/v2\/pages\/48\/revisions\/5555"}],"wp:attachment":[{"href":"https:\/\/www.amsra.fr\/blog\/wp-json\/wp\/v2\/media?parent=48"}],"curies":[{"name":"wp","href":"https:\/\/api.w.org\/{rel}","templated":true}]}}